{"id":14964,"date":"2022-10-27T10:35:49","date_gmt":"2022-10-27T15:35:49","guid":{"rendered":"https:\/\/colombia3.srtv.cl\/?post_type=product&#038;p=14964"},"modified":"2024-05-31T12:15:28","modified_gmt":"2024-05-31T17:15:28","slug":"clave-de-producto-windows-10-pro","status":"publish","type":"product","link":"https:\/\/compratucodigo.co\/index.php\/producto\/clave-de-producto-windows-10-pro\/","title":{"rendered":"Clave de producto Windows 10 Pro"},"content":{"rendered":"<p>Windows 10 Pro es, sin duda, el sistema operativo m\u00e1s popular a nivel mundial. Este producto viene con un c\u00f3digo de licencia de 25 d\u00edgitos que le permite activar su sistema Windows 10 de manera completamente original, sin interferir con el software de ninguna manera.<\/p>\n<p>Esta versi\u00f3n &#8220;Profesional&#8221; ofrece flexibilidad para su uso en empresas e instituciones, adem\u00e1s de contar con caracter\u00edsticas exclusivas como el servidor web IIS, Hyper-V y la capacidad de instalar hasta 512 GB de RAM.<\/p>\n<p><strong>Recomendado para:<\/strong><\/p>\n<p>&#8211; Eliminar el mensaje de &#8220;Activar Windows&#8221;<br \/>\n&#8211; Empresas que utilizan la versi\u00f3n &#8220;Home&#8221; y necesitan una versi\u00f3n sin limitaciones de uso<br \/>\n&#8211; Aquellos que requieren acceder a funciones avanzadas exclusivas de Windows 10 Pro<br \/>\n&#8211; Usuarios que buscan instalar Windows 10 de forma segura y legal<br \/>\n&#8211; Personas con PCs incompatibles con Windows 11<\/p>\n<p><strong>\u00bfPor qu\u00e9 es importante activar Windows?<\/strong><\/p>\n<p>Optar por software original le garantiza recibir actualizaciones y le brinda mayor seguridad contra virus o hackeos. Adem\u00e1s, mejora el rendimiento de su equipo y posibilita actualizaciones autom\u00e1ticas de controladores y otros componentes del sistema.<\/p>\n<p><strong>Env\u00edo de su producto:<\/strong><\/p>\n<p>Despu\u00e9s de realizar su pago o consignaci\u00f3n, recibir\u00e1 al instante en su correo electr\u00f3nico su c\u00f3digo de licencia digital, junto con instrucciones para la instalaci\u00f3n y la factura en caso de que la requiera.<\/p>\n<p><strong>Nuestra Empresa:<\/strong><\/p>\n<p>Compratucodigo es una marca de 3Clics Colombia SAS, somos una empresa formal registrada en Colombia con m\u00e1s de tres a\u00f1os de experiencia en la venta de c\u00f3digos de licencia digitales. Entregamos factura y todos nuestros productos est\u00e1n garantizados por nuestra empresa.<\/p>\n<div id=\"divtags\">\n<h1>Clave de producto Windows 10 Pro<\/h1>\n<h1>Activaci\u00f3n Windows 10 Pro<\/h1>\n<h1>C\u00f3digos de activaci\u00f3n Windows 10 Pro<\/h1>\n<h1>Compra de licencia Windows 10 Pro<\/h1>\n<h1>Seriales Windows 10 Pro<\/h1>\n<h1>Obtener clave de Windows 10 Pro<\/h1>\n<h1>Comprar licencia leg\u00edtima Windows 10 Pro<\/h1>\n<h1>Descarga de clave de producto Windows 10 Pro<\/h1>\n<h1>Licencia original Windows 10 Pro<\/h1>\n<h1>C\u00f3digos de activaci\u00f3n v\u00e1lidos Windows 10 Pro<\/h1>\n<h1>Clave de activaci\u00f3n aut\u00e9ntica Windows 10 Pro<\/h1>\n<h1>Activar Windows 10 Pro legalmente<\/h1>\n<h1>C\u00f3mo obtener clave de Windows 10 Pro<\/h1>\n<h1>Activaci\u00f3n genuina Windows 10 Pro<\/h1>\n<h1>Comprar licencia en l\u00ednea Windows 10 Pro<\/h1>\n<h1>C\u00f3mo adquirir clave de Windows 10 Pro<\/h1>\n<h1>Licencia Windows 10 Pro para PC<\/h1>\n<\/div>\n","protected":false},"excerpt":{"rendered":"<p>Clave de activaci\u00f3n para Windows 10 Pro<br \/>\nSirve para mejorar un Windows 10 Home a un Windows 10 Pro<br \/>\nApta para 64 bits y 32 bits por igual<br \/>\nDescarga el Software desde el sitio oficial<br \/>\nLicencia indefinida sin fecha de vencimiento<br \/>\nVersi\u00f3n &#8220;Pro&#8221; apta para empresas y personas por igual<br \/>\nTodos nuestros productos son originales y cuentan con garant\u00eda y soporte t\u00e9cnico.<br \/>\n<b>Entrega inmediata directo a su correo electr\u00f3nico junto con manual de instalaci\u00f3n<\/b><\/p>\n","protected":false},"featured_media":14965,"template":"","meta":{"_acf_changed":false},"product_brand":[],"product_cat":[1624,15],"product_tag":[],"class_list":{"0":"post-14964","1":"product","2":"type-product","3":"status-publish","4":"has-post-thumbnail","6":"product_cat-productos-recomendados","7":"product_cat-licencias-windows","9":"first","10":"instock","11":"featured","12":"shipping-taxable","13":"purchasable","14":"product-type-simple"},"acf":[],"_links":{"self":[{"href":"https:\/\/compratucodigo.co\/index.php\/wp-json\/wp\/v2\/product\/14964","targetHints":{"allow":["GET"]}}],"collection":[{"href":"https:\/\/compratucodigo.co\/index.php\/wp-json\/wp\/v2\/product"}],"about":[{"href":"https:\/\/compratucodigo.co\/index.php\/wp-json\/wp\/v2\/types\/product"}],"wp:featuredmedia":[{"embeddable":true,"href":"https:\/\/compratucodigo.co\/index.php\/wp-json\/wp\/v2\/media\/14965"}],"wp:attachment":[{"href":"https:\/\/compratucodigo.co\/index.php\/wp-json\/wp\/v2\/media?parent=14964"}],"wp:term":[{"taxonomy":"product_brand","embeddable":true,"href":"https:\/\/compratucodigo.co\/index.php\/wp-json\/wp\/v2\/product_brand?post=14964"},{"taxonomy":"product_cat","embeddable":true,"href":"https:\/\/compratucodigo.co\/index.php\/wp-json\/wp\/v2\/product_cat?post=14964"},{"taxonomy":"product_tag","embeddable":true,"href":"https:\/\/compratucodigo.co\/index.php\/wp-json\/wp\/v2\/product_tag?post=14964"}],"curies":[{"name":"wp","href":"https:\/\/api.w.org\/{rel}","templated":true}]}}