{"id":14958,"date":"2022-10-27T10:31:29","date_gmt":"2022-10-27T15:31:29","guid":{"rendered":"https:\/\/colombia3.srtv.cl\/?post_type=product&#038;p=14958"},"modified":"2024-05-31T12:16:21","modified_gmt":"2024-05-31T17:16:21","slug":"licencia-windows-8-pro","status":"publish","type":"product","link":"https:\/\/compratucodigo.co\/index.php\/producto\/licencia-windows-8-pro\/","title":{"rendered":"Licencia Windows 8 Pro"},"content":{"rendered":"<p>Aunque no es tan popular como otras versiones, Windows 8 sigue siendo una elecci\u00f3n viable para ciertos usuarios.<\/p>\n<p>Esta licencia le permite aprovechar al m\u00e1ximo su Windows 8 en caso de que a\u00fan no est\u00e9 activado.<\/p>\n<p>Adem\u00e1s, es la versi\u00f3n profesional que brinda acceso a funciones avanzadas.<\/p>\n<p><strong>Recomendado para:<\/strong><\/p>\n<p>&#8211; Personas o empresas que utilizan programas optimizados para Windows 8.<br \/>\n&#8211; Usuarios que tienen una preferencia personal por Windows 8.<br \/>\n&#8211; Usuarios que poseen Windows 8 sin licencia y desean disfrutar de las ventajas de tenerlo de manera legal.<\/p>\n<p><strong>Env\u00edo del producto:<\/strong><\/p>\n<p>Una vez realizado el pago o la consignaci\u00f3n, recibir\u00e1 de inmediato su c\u00f3digo de licencia digital en su correo electr\u00f3nico, junto con las instrucciones de instalaci\u00f3n y, si es necesario, la factura correspondiente.<\/p>\n<p><strong>Nuestra Empresa:<\/strong><\/p>\n<p>Compratucodigo es una marca de 3Clics Colombia SAS, somos una empresa formal registrada en Colombia con m\u00e1s de tres a\u00f1os de experiencia en la venta de c\u00f3digos de licencia digitales. Entregamos factura y todos nuestros productos est\u00e1n garantizados por nuestra empresa.<\/p>\n<div id=\"divtags\">\n<h1>Licencia Windows 8 Pro<\/h1>\n<h1>Comprar licencia Windows 8 Pro<\/h1>\n<h1>Activar Windows 8 Pro<\/h1>\n<h1>Clave de licencia Windows 8 Pro<\/h1>\n<h1>Descargar Windows 8 Pro<\/h1>\n<h1>Tienda online de licencias Windows 8 Pro<\/h1>\n<h1>Oferta licencia Windows 8 Pro<\/h1>\n<h1>Mejor precio Windows 8 Pro<\/h1>\n<h1>Instalaci\u00f3n Windows 8 Pro<\/h1>\n<h1>Actualizar a Windows 8 Pro<\/h1>\n<h1>Versiones Windows 8 Pro<\/h1>\n<h1>Requisitos para Windows 8 Pro<\/h1>\n<h1>Gu\u00eda de licenciamiento Windows 8 Pro<\/h1>\n<h1>Comparativa Windows 8 Pro<\/h1>\n<h1>Windows 8 Pro OEM<\/h1>\n<h1>Asistencia t\u00e9cnica Windows 8 Pro<\/h1>\n<\/div>\n","protected":false},"excerpt":{"rendered":"<p>Clave de activaci\u00f3n para Windows 8 Pro<br \/>\nSirve para mejorar un Windows 8 Standard a un Windows 8.1 Pro<br \/>\nApta para 64 bits y 32 bits por igual<br \/>\nDescarga el Software desde el sitio oficial<br \/>\nLicencia indefinida sin fecha de vencimiento<br \/>\nVersi\u00f3n &#8220;Pro&#8221; apta para empresas y personas por igual<br \/>\nTodos nuestros productos son originales y cuentan con garant\u00eda y soporte t\u00e9cnico.<br \/>\n<b>Entrega inmediata directo a su correo electr\u00f3nico junto con manual de instalaci\u00f3n<\/b><\/p>\n","protected":false},"featured_media":14959,"template":"","meta":{"_acf_changed":false},"product_brand":[],"product_cat":[15],"product_tag":[],"class_list":{"0":"post-14958","1":"product","2":"type-product","3":"status-publish","4":"has-post-thumbnail","6":"product_cat-licencias-windows","8":"first","9":"instock","10":"shipping-taxable","11":"purchasable","12":"product-type-simple"},"acf":[],"_links":{"self":[{"href":"https:\/\/compratucodigo.co\/index.php\/wp-json\/wp\/v2\/product\/14958","targetHints":{"allow":["GET"]}}],"collection":[{"href":"https:\/\/compratucodigo.co\/index.php\/wp-json\/wp\/v2\/product"}],"about":[{"href":"https:\/\/compratucodigo.co\/index.php\/wp-json\/wp\/v2\/types\/product"}],"wp:featuredmedia":[{"embeddable":true,"href":"https:\/\/compratucodigo.co\/index.php\/wp-json\/wp\/v2\/media\/14959"}],"wp:attachment":[{"href":"https:\/\/compratucodigo.co\/index.php\/wp-json\/wp\/v2\/media?parent=14958"}],"wp:term":[{"taxonomy":"product_brand","embeddable":true,"href":"https:\/\/compratucodigo.co\/index.php\/wp-json\/wp\/v2\/product_brand?post=14958"},{"taxonomy":"product_cat","embeddable":true,"href":"https:\/\/compratucodigo.co\/index.php\/wp-json\/wp\/v2\/product_cat?post=14958"},{"taxonomy":"product_tag","embeddable":true,"href":"https:\/\/compratucodigo.co\/index.php\/wp-json\/wp\/v2\/product_tag?post=14958"}],"curies":[{"name":"wp","href":"https:\/\/api.w.org\/{rel}","templated":true}]}}