{"id":14954,"date":"2022-10-27T10:30:07","date_gmt":"2022-10-27T15:30:07","guid":{"rendered":"https:\/\/colombia3.srtv.cl\/?post_type=product&#038;p=14954"},"modified":"2024-05-31T12:17:11","modified_gmt":"2024-05-31T17:17:11","slug":"licencia-windows-7-pro","status":"publish","type":"product","link":"https:\/\/compratucodigo.co\/index.php\/producto\/licencia-windows-7-pro\/","title":{"rendered":"Licencia Windows 7 Pro"},"content":{"rendered":"<p>Windows 7 se ha establecido como un sistema operativo confiable y altamente eficiente, siendo la segunda opci\u00f3n m\u00e1s popular despu\u00e9s de Windows 10.<\/p>\n<p>Si desea sacarle el m\u00e1ximo provecho y disfrutar de todos sus beneficios, esta licencia es exactamente lo que necesita, ya que corresponde a la versi\u00f3n Profesional.<\/p>\n<p><strong>Recomendado para:<\/strong><\/p>\n<p>&#8211; Usuarios que se sienten c\u00f3modos utilizando Windows 7 en comparaci\u00f3n con otros sistemas operativos.<br \/>\n&#8211; Usuarios con software que no funciona de manera \u00f3ptima en las versiones m\u00e1s recientes de Windows.<br \/>\n&#8211; Usuarios que poseen hardware obsoleto y no desean o no pueden migrar a las versiones modernas de Windows.<br \/>\n&#8211; Usuarios entusiastas y profesionales que requieren las caracter\u00edsticas \u00fanicas de la versi\u00f3n Pro.<\/p>\n<p><strong>Env\u00edo del producto:<\/strong><\/p>\n<p>Una vez que haya realizado su pago o consignaci\u00f3n, recibir\u00e1 al instante su c\u00f3digo de licencia digital en su correo, junto con las instrucciones de instalaci\u00f3n y, si lo solicita, la factura correspondiente.<\/p>\n<p><strong>Nuestra Empresa:<\/strong><\/p>\n<p>Compratucodigo es una marca de 3Clics Colombia SAS, somos una empresa formal registrada en Colombia con m\u00e1s de tres a\u00f1os de experiencia en la venta de c\u00f3digos de licencia digitales. Entregamos factura y todos nuestros productos est\u00e1n garantizados por nuestra empresa.<\/p>\n<div id=\"divtags\">\n<h1>Licencia Windows 7 Pro<\/h1>\n<h1>Licencia original Windows 7 Pro<\/h1>\n<h1>Compra licencia Windows 7 Pro<\/h1>\n<h1>Windows 7 Professional<\/h1>\n<h1>Licencia Windows 7 Pro Colombia<\/h1>\n<h1>Adquirir licencia Windows 7 Pro<\/h1>\n<h1>Precio licencia Windows 7 Pro<\/h1>\n<h1>Activar Windows 7 Pro<\/h1>\n<h1>Descargar licencia Windows 7 Pro<\/h1>\n<h1>Oferta licencia Windows 7 Pro<\/h1>\n<h1>Licencia Windows 7 original<\/h1>\n<h1>Compra segura licencia Windows 7 Pro<\/h1>\n<h1>Key Windows 7 Pro<\/h1>\n<h1>Garant\u00eda licencia Windows 7 Pro<\/h1>\n<h1>Activaci\u00f3n Windows 7 Pro<\/h1>\n<h1>Env\u00edo licencia Windows 7 Pro<\/h1>\n<\/div>\n","protected":false},"excerpt":{"rendered":"<p>Clave de activaci\u00f3n para Windows 7 Pro<br \/>\nApta para 64 bits y 32 bits por igual<br \/>\nDescarga el Software desde el sitio oficial<br \/>\nLicencia indefinida sin fecha de vencimiento<br \/>\nVersi\u00f3n &#8220;Pro&#8221; apta para empresas y personas por igual<br \/>\nTodos nuestros productos son originales y cuentan con garant\u00eda y soporte t\u00e9cnico.<br \/>\n<b>Entrega inmediata directo a su correo electr\u00f3nico junto con manual de instalaci\u00f3n<\/b><\/p>\n","protected":false},"featured_media":14955,"template":"","meta":{"_acf_changed":false},"product_brand":[],"product_cat":[15],"product_tag":[],"class_list":{"0":"post-14954","1":"product","2":"type-product","3":"status-publish","4":"has-post-thumbnail","6":"product_cat-licencias-windows","8":"first","9":"instock","10":"featured","11":"shipping-taxable","12":"purchasable","13":"product-type-simple"},"acf":[],"_links":{"self":[{"href":"https:\/\/compratucodigo.co\/index.php\/wp-json\/wp\/v2\/product\/14954","targetHints":{"allow":["GET"]}}],"collection":[{"href":"https:\/\/compratucodigo.co\/index.php\/wp-json\/wp\/v2\/product"}],"about":[{"href":"https:\/\/compratucodigo.co\/index.php\/wp-json\/wp\/v2\/types\/product"}],"wp:featuredmedia":[{"embeddable":true,"href":"https:\/\/compratucodigo.co\/index.php\/wp-json\/wp\/v2\/media\/14955"}],"wp:attachment":[{"href":"https:\/\/compratucodigo.co\/index.php\/wp-json\/wp\/v2\/media?parent=14954"}],"wp:term":[{"taxonomy":"product_brand","embeddable":true,"href":"https:\/\/compratucodigo.co\/index.php\/wp-json\/wp\/v2\/product_brand?post=14954"},{"taxonomy":"product_cat","embeddable":true,"href":"https:\/\/compratucodigo.co\/index.php\/wp-json\/wp\/v2\/product_cat?post=14954"},{"taxonomy":"product_tag","embeddable":true,"href":"https:\/\/compratucodigo.co\/index.php\/wp-json\/wp\/v2\/product_tag?post=14954"}],"curies":[{"name":"wp","href":"https:\/\/api.w.org\/{rel}","templated":true}]}}