{"id":14952,"date":"2022-04-13T16:52:44","date_gmt":"2022-04-13T20:52:44","guid":{"rendered":"https:\/\/colombia3.srtv.cl\/?post_type=product&#038;p=14952"},"modified":"2024-05-31T12:18:43","modified_gmt":"2024-05-31T17:18:43","slug":"clave-de-producto-windows-server-2019-standard","status":"publish","type":"product","link":"https:\/\/compratucodigo.co\/index.php\/producto\/clave-de-producto-windows-server-2019-standard\/","title":{"rendered":"Clave de producto Windows Server 2019 Standard"},"content":{"rendered":"<p>Windows Server es una versi\u00f3n altamente recomendada de Windows dise\u00f1ada para mejorar la operatividad y seguridad en entornos de servidores profesionales.<\/p>\n<p>La edici\u00f3n Standard de 2019 est\u00e1 dirigida a empresas medianas y grandes con una plantilla de m\u00e1s de 25 empleados que buscan la segregaci\u00f3n de funciones en su infraestructura de servidor.<\/p>\n<p><strong>Recomendado para:<\/strong><\/p>\n<p>&#8211; Empresas de tama\u00f1o mediano y grande que buscan garantizar la m\u00e1xima seguridad y eficiencia en sus entornos de servidor profesionales.<\/p>\n<p>&#8211; Empresas de tama\u00f1o mediano y grande que prefieren utilizar Windows en lugar de Linux.<\/p>\n<p><strong>Env\u00edo del producto:<\/strong><\/p>\n<p>Una vez realizado el pago o la consignaci\u00f3n, recibir\u00e1 de inmediato su c\u00f3digo de licencia digital en su correo electr\u00f3nico, junto con las instrucciones de instalaci\u00f3n y, si lo solicita, la factura correspondiente.<\/p>\n<p><strong>Nuestra Empresa:<\/strong><\/p>\n<p>Compratucodigo es una marca de 3Clics Colombia SAS, somos una empresa formal registrada en Colombia con m\u00e1s de tres a\u00f1os de experiencia en la venta de c\u00f3digos de licencia digitales. Entregamos factura y todos nuestros productos est\u00e1n garantizados por nuestra empresa.<\/p>\n<div id=\"divtags\">\n<h1>Clave de producto Windows Server 2019 Standard<\/h1>\n<h1>Comprar clave de producto Windows Server 2019 Standard<\/h1>\n<h1>Activaci\u00f3n Windows Server 2019 Standard<\/h1>\n<h1>Generador de claves Windows Server 2019 Standard<\/h1>\n<h1>C\u00f3digo de activaci\u00f3n Windows Server 2019<\/h1>\n<h1>Serial Windows Server 2019 Standard<\/h1>\n<h1>Obtener clave de licencia Windows Server 2019<\/h1>\n<h1>Compra licencia Windows Server 2019 Standard<\/h1>\n<h1>Activar Windows Server 2019 en Colombia<\/h1>\n<h1>Adquirir licencia Windows Server 2019 en espa\u00f1ol<\/h1>\n<h1>C\u00f3mo obtener clave de producto Windows Server 2019<\/h1>\n<h1>Windows Server 2019 Standard &#8211; Gu\u00eda de activaci\u00f3n<\/h1>\n<h1>Claves de activaci\u00f3n legales para Windows Server 2019<\/h1>\n<h1>Venta de licencias Windows Server 2019 en Colombia<\/h1>\n<h1>Proceso de activaci\u00f3n Windows Server 2019 Standard<\/h1>\n<h1>Key de licencia Windows Server 2019 Standard en espa\u00f1ol<\/h1>\n<\/div>\n","protected":false},"excerpt":{"rendered":"<p>Licencia para Windows Server 2019<br \/>\nDuraci\u00f3n indefinida, sin fecha de vencimiento.<br \/>\nApto para 32 y 64 bits.<br \/>\nPuedes descargar el Software desde el sitio web oficial<br \/>\nTodos nuestros productos son originales y cuentan con garant\u00eda y soporte t\u00e9cnico.<br \/>\n<b>Entrega inmediata directo a su correo electr\u00f3nico<\/b><\/p>\n","protected":false},"featured_media":19660,"template":"","meta":{"_acf_changed":false},"product_brand":[],"product_cat":[15],"product_tag":[],"class_list":{"0":"post-14952","1":"product","2":"type-product","3":"status-publish","4":"has-post-thumbnail","6":"product_cat-licencias-windows","8":"first","9":"instock","10":"shipping-taxable","11":"purchasable","12":"product-type-simple"},"acf":[],"_links":{"self":[{"href":"https:\/\/compratucodigo.co\/index.php\/wp-json\/wp\/v2\/product\/14952","targetHints":{"allow":["GET"]}}],"collection":[{"href":"https:\/\/compratucodigo.co\/index.php\/wp-json\/wp\/v2\/product"}],"about":[{"href":"https:\/\/compratucodigo.co\/index.php\/wp-json\/wp\/v2\/types\/product"}],"wp:featuredmedia":[{"embeddable":true,"href":"https:\/\/compratucodigo.co\/index.php\/wp-json\/wp\/v2\/media\/19660"}],"wp:attachment":[{"href":"https:\/\/compratucodigo.co\/index.php\/wp-json\/wp\/v2\/media?parent=14952"}],"wp:term":[{"taxonomy":"product_brand","embeddable":true,"href":"https:\/\/compratucodigo.co\/index.php\/wp-json\/wp\/v2\/product_brand?post=14952"},{"taxonomy":"product_cat","embeddable":true,"href":"https:\/\/compratucodigo.co\/index.php\/wp-json\/wp\/v2\/product_cat?post=14952"},{"taxonomy":"product_tag","embeddable":true,"href":"https:\/\/compratucodigo.co\/index.php\/wp-json\/wp\/v2\/product_tag?post=14952"}],"curies":[{"name":"wp","href":"https:\/\/api.w.org\/{rel}","templated":true}]}}