{"id":14950,"date":"2022-04-13T16:51:11","date_gmt":"2022-04-13T20:51:11","guid":{"rendered":"https:\/\/colombia3.srtv.cl\/?post_type=product&#038;p=14950"},"modified":"2024-05-31T12:19:02","modified_gmt":"2024-05-31T17:19:02","slug":"licencia-windows-server-2019-essentials","status":"publish","type":"product","link":"https:\/\/compratucodigo.co\/index.php\/producto\/licencia-windows-server-2019-essentials\/","title":{"rendered":"Licencia Windows Server 2019 Essentials"},"content":{"rendered":"<p>Windows Server es la versi\u00f3n de Windows dise\u00f1ada espec\u00edficamente para ser utilizada en entornos de servidor. Estas variantes, aunque se basan en Windows, ofrecen una mayor seguridad y cuentan con caracter\u00edsticas orientadas a un uso continuo y remoto.<\/p>\n<p>Windows Server 2019 Essentials es una versi\u00f3n &#8220;Todo en uno&#8221; que incluye licencias para usuarios remotos de forma predefinida. Es la elecci\u00f3n perfecta para las peque\u00f1as empresas que desean adquirir Windows Server sin tener que preocuparse por otros complementos.<\/p>\n<p><strong>Recomendado para:<\/strong><\/p>\n<ul>\n<li>Empresas que necesiten un servidor basado en Windows en lugar de uno basado en Linux.<\/li>\n<\/ul>\n<p><strong>Env\u00edo del producto:<\/strong><\/p>\n<p>Una vez que haya realizado el pago o la consignaci\u00f3n, recibir\u00e1 al instante en su correo electr\u00f3nico el c\u00f3digo de licencia digital, junto con las instrucciones de instalaci\u00f3n y, si lo solicita, la factura.<\/p>\n<p><strong>Nuestra Empresa:<\/strong><\/p>\n<p>Compratucodigo es una marca de 3Clics Colombia SAS, somos una empresa formal registrada en Colombia con m\u00e1s de tres a\u00f1os de experiencia en la venta de c\u00f3digos de licencia digitales. Entregamos factura y todos nuestros productos est\u00e1n garantizados por nuestra empresa.<\/p>\n<div id=\"divtags\">\n<h1>Licencia Windows Server 2019 Essentials<\/h1>\n<h1>Licencia Windows Server 2019<\/h1>\n<h1>Windows Server 2019 Essentials en Colombia<\/h1>\n<h1>Adquirir Licencia Windows Server 2019<\/h1>\n<h1>Precio Licencia Windows Server 2019 Essentials<\/h1>\n<h1>Comprar Licencia Windows Server 2019<\/h1>\n<h1>Instalaci\u00f3n Windows Server 2019 Essentials<\/h1>\n<h1>Caracter\u00edsticas Windows Server 2019 Essentials<\/h1>\n<h1>Versiones Windows Server 2019<\/h1>\n<h1>Requisitos Licencia Windows Server 2019<\/h1>\n<h1>Soporte T\u00e9cnico Windows Server 2019 Essentials<\/h1>\n<h1>Actualizaci\u00f3n Windows Server 2019 Essentials<\/h1>\n<h1>Empresas Windows Server 2019 Essentials<\/h1>\n<h1>Licenciamiento Windows Server 2019 en Colombia<\/h1>\n<h1>Beneficios Windows Server 2019 Essentials<\/h1>\n<h1>Microsoft Windows Server 2019 en Espa\u00f1ol<\/h1>\n<\/div>\n","protected":false},"excerpt":{"rendered":"<p>Licencia para Windows Server 2019 Essentials<br \/>\nDuraci\u00f3n indefinida, sin fecha de vencimiento.<br \/>\nApto para 32 y 64 bits.<br \/>\nPuede descargar el Software desde el sitio web oficial<br \/>\nTodos nuestros productos son originales y cuentan con garant\u00eda y soporte t\u00e9cnico.<br \/>\n<b>Entrega inmediata directo a su correo electr\u00f3nico<\/b><\/p>\n","protected":false},"featured_media":14951,"template":"","meta":{"_acf_changed":false},"product_brand":[],"product_cat":[15],"product_tag":[],"class_list":{"0":"post-14950","1":"product","2":"type-product","3":"status-publish","4":"has-post-thumbnail","6":"product_cat-licencias-windows","8":"first","9":"instock","10":"shipping-taxable","11":"purchasable","12":"product-type-simple"},"acf":[],"_links":{"self":[{"href":"https:\/\/compratucodigo.co\/index.php\/wp-json\/wp\/v2\/product\/14950","targetHints":{"allow":["GET"]}}],"collection":[{"href":"https:\/\/compratucodigo.co\/index.php\/wp-json\/wp\/v2\/product"}],"about":[{"href":"https:\/\/compratucodigo.co\/index.php\/wp-json\/wp\/v2\/types\/product"}],"wp:featuredmedia":[{"embeddable":true,"href":"https:\/\/compratucodigo.co\/index.php\/wp-json\/wp\/v2\/media\/14951"}],"wp:attachment":[{"href":"https:\/\/compratucodigo.co\/index.php\/wp-json\/wp\/v2\/media?parent=14950"}],"wp:term":[{"taxonomy":"product_brand","embeddable":true,"href":"https:\/\/compratucodigo.co\/index.php\/wp-json\/wp\/v2\/product_brand?post=14950"},{"taxonomy":"product_cat","embeddable":true,"href":"https:\/\/compratucodigo.co\/index.php\/wp-json\/wp\/v2\/product_cat?post=14950"},{"taxonomy":"product_tag","embeddable":true,"href":"https:\/\/compratucodigo.co\/index.php\/wp-json\/wp\/v2\/product_tag?post=14950"}],"curies":[{"name":"wp","href":"https:\/\/api.w.org\/{rel}","templated":true}]}}