{"id":14948,"date":"2022-04-13T16:49:42","date_gmt":"2022-04-13T20:49:42","guid":{"rendered":"https:\/\/colombia3.srtv.cl\/?post_type=product&#038;p=14948"},"modified":"2024-05-31T12:19:18","modified_gmt":"2024-05-31T17:19:18","slug":"licencia-windows-server-2019-datacenter","status":"publish","type":"product","link":"https:\/\/compratucodigo.co\/index.php\/producto\/licencia-windows-server-2019-datacenter\/","title":{"rendered":"Licencia Windows Server 2019 DataCenter"},"content":{"rendered":"<p>Windows Server es la versi\u00f3n dise\u00f1ada exclusivamente para servidores, con caracter\u00edsticas y funciones que la convierten en una verdadera alternativa a Linux.<\/p>\n<p>Esta licencia te permite acceder a las funciones de la versi\u00f3n Essentials 2019, que se destaca por la disponibilidad de 20 a 25 licencias de acceso para clientes para uso compartido.<\/p>\n<p><strong>Recomendado para:<\/strong><\/p>\n<p>&#8211; Microempresas que necesitan un sistema operativo eficiente y seguro para sus servidores, as\u00ed como acceso compartido, pero que no cuentan con suficientes recursos para adquirir nuevas licencias.<\/p>\n<p>&#8211; Empresas que prefieran Windows sobre Linux.<\/p>\n<p><strong>Env\u00edo del producto:<\/strong><\/p>\n<p>Una vez realizado el pago o la consignaci\u00f3n, recibir\u00e1s al instante en tu correo electr\u00f3nico tu c\u00f3digo de licencia digital, junto con las instrucciones de instalaci\u00f3n y, si lo solicitas, la factura.<\/p>\n<p><strong>Nuestra Empresa:<\/strong><\/p>\n<p>Compratucodigo es una marca de 3Clics Colombia SAS, somos una empresa formal registrada en Colombia con m\u00e1s de tres a\u00f1os de experiencia en la venta de c\u00f3digos de licencia digitales. Entregamos factura y todos nuestros productos est\u00e1n garantizados por nuestra empresa.<\/p>\n<div id=\"divtags\">\n<h1>Licencia Windows Server 2019 DataCenter<\/h1>\n<h1>Licencia Windows Server en Colombia<\/h1>\n<h1>Windows Server DataCenter 2019<\/h1>\n<h1>Licencia Windows Server 2019<\/h1>\n<h1>Adquirir licencia Windows Server<\/h1>\n<h1>Precio licencia Windows Server 2019<\/h1>\n<h1>Funcionalidades Windows Server 2019<\/h1>\n<h1>Instalaci\u00f3n Windows Server DataCenter<\/h1>\n<h1>Requisitos licencia Windows Server 2019<\/h1>\n<h1>Compra licencia Windows Server en Colombia<\/h1>\n<h1>Windows Server 2019 para empresas<\/h1>\n<h1>Microsoft DataCenter 2019<\/h1>\n<h1>Optimizaci\u00f3n con Windows Server DataCenter<\/h1>\n<h1>Consultor\u00eda licencia Windows Server 2019<\/h1>\n<h1>Asesor\u00eda Windows Server DataCenter<\/h1>\n<h1>Oferta licencia Windows Server 2019<\/h1>\n<\/div>\n","protected":false},"excerpt":{"rendered":"<p>Licencia para Windows Server 2019 Datacenter<br \/>\nDuraci\u00f3n indefinida, sin fecha de vencimiento.<br \/>\nApto para 32 y 64 bits.<br \/>\nPuede descargar el Software desde el sitio web oficial<br \/>\nTodos nuestros productos son originales y cuentan con garant\u00eda y soporte t\u00e9cnico.<br \/>\n<b>Entrega inmediata directo a su correo electr\u00f3nico<\/b><\/p>\n","protected":false},"featured_media":14949,"template":"","meta":{"_acf_changed":false},"product_brand":[],"product_cat":[15],"product_tag":[],"class_list":{"0":"post-14948","1":"product","2":"type-product","3":"status-publish","4":"has-post-thumbnail","6":"product_cat-licencias-windows","8":"first","9":"instock","10":"shipping-taxable","11":"purchasable","12":"product-type-simple"},"acf":[],"_links":{"self":[{"href":"https:\/\/compratucodigo.co\/index.php\/wp-json\/wp\/v2\/product\/14948","targetHints":{"allow":["GET"]}}],"collection":[{"href":"https:\/\/compratucodigo.co\/index.php\/wp-json\/wp\/v2\/product"}],"about":[{"href":"https:\/\/compratucodigo.co\/index.php\/wp-json\/wp\/v2\/types\/product"}],"wp:featuredmedia":[{"embeddable":true,"href":"https:\/\/compratucodigo.co\/index.php\/wp-json\/wp\/v2\/media\/14949"}],"wp:attachment":[{"href":"https:\/\/compratucodigo.co\/index.php\/wp-json\/wp\/v2\/media?parent=14948"}],"wp:term":[{"taxonomy":"product_brand","embeddable":true,"href":"https:\/\/compratucodigo.co\/index.php\/wp-json\/wp\/v2\/product_brand?post=14948"},{"taxonomy":"product_cat","embeddable":true,"href":"https:\/\/compratucodigo.co\/index.php\/wp-json\/wp\/v2\/product_cat?post=14948"},{"taxonomy":"product_tag","embeddable":true,"href":"https:\/\/compratucodigo.co\/index.php\/wp-json\/wp\/v2\/product_tag?post=14948"}],"curies":[{"name":"wp","href":"https:\/\/api.w.org\/{rel}","templated":true}]}}