{"id":14946,"date":"2022-04-13T16:48:15","date_gmt":"2022-04-13T20:48:15","guid":{"rendered":"https:\/\/colombia3.srtv.cl\/?post_type=product&#038;p=14946"},"modified":"2024-05-31T12:21:03","modified_gmt":"2024-05-31T17:21:03","slug":"licencia-windows-server-2016-standard","status":"publish","type":"product","link":"https:\/\/compratucodigo.co\/index.php\/producto\/licencia-windows-server-2016-standard\/","title":{"rendered":"Licencia Windows Server 2016 Standard"},"content":{"rendered":"<p>Mientras Windows de escritorio est\u00e1 dise\u00f1ado para uso dom\u00e9stico, Windows Server va m\u00e1s all\u00e1 y ofrece funcionalidades centradas en redes, conexiones, centros de datos, virtualizaci\u00f3n y soporte.<\/p>\n<p>Esta licencia corresponde a la versi\u00f3n 2016 Standard, que permite un n\u00famero ilimitado de accesos para los clientes y brinda soporte para oficinas externas.<\/p>\n<p><strong>Recomendado para:<\/strong><\/p>\n<ul>\n<li>Empresas que valoran la seguridad de Windows en comparaci\u00f3n con Linux.<\/li>\n<li>Empresas con cargas de trabajo m\u00e1s pesadas y necesidades de virtualizaci\u00f3n.<\/li>\n<li>Empresas que requieren acceso ilimitado para sus servidores.<\/li>\n<\/ul>\n<p><strong>Env\u00edo del producto:<\/strong><\/p>\n<p>Una vez realizado el pago o la consignaci\u00f3n, recibir\u00e1 al instante su c\u00f3digo de licencia digital en su correo electr\u00f3nico, junto con las instrucciones de instalaci\u00f3n y, si lo solicita, la factura correspondiente.<\/p>\n<p><strong>Nuestra Empresa:<\/strong><\/p>\n<p>Compratucodigo es una marca de 3Clics Colombia SAS, somos una empresa formal registrada en Colombia con m\u00e1s de tres a\u00f1os de experiencia en la venta de c\u00f3digos de licencia digitales. Entregamos factura y todos nuestros productos est\u00e1n garantizados por nuestra empresa.<\/p>\n<div id=\"divtags\">\n<h1>Licencia Windows Server 2016 Standard<\/h1>\n<h1>Licencias de Windows Server 2016<\/h1>\n<h1>Windows Server 2016 Colombia<\/h1>\n<h1>Compra de licencia Windows Server<\/h1>\n<h1>Microsoft Windows Server 2016 Standard<\/h1>\n<h1>Licencia original Windows Server 2016<\/h1>\n<h1>Software Windows Server 2016<\/h1>\n<h1>Precio licencia Windows Server 2016<\/h1>\n<h1>Adquirir Windows Server 2016 Standard<\/h1>\n<h1>Key Windows Server 2016 Standard<\/h1>\n<h1>Tienda en l\u00ednea Windows Server 2016<\/h1>\n<h1>Actualizaci\u00f3n a Windows Server 2016<\/h1>\n<h1>Oferta licencia Windows Server 2016<\/h1>\n<h1>Compatibilidad Windows Server 2016<\/h1>\n<h1>Consultor\u00eda Windows Server 2016<\/h1>\n<h1>Instalaci\u00f3n Windows Server 2016 Standard<\/h1>\n<\/div>\n","protected":false},"excerpt":{"rendered":"<p>Licencia para Windows Server 2016 Standard<br \/>\nDuraci\u00f3n indefinida, sin fecha de vencimiento.<br \/>\nApto para 32 y 64 bits.<br \/>\nPuede descargar el Software desde el sitio web oficial<br \/>\nTodos nuestros productos son originales y cuentan con garant\u00eda y soporte t\u00e9cnico.<br \/>\n<b>Entrega inmediata directo a su correo electr\u00f3nico<\/b><\/p>\n","protected":false},"featured_media":14947,"template":"","meta":{"_acf_changed":false},"product_brand":[],"product_cat":[15],"product_tag":[],"class_list":{"0":"post-14946","1":"product","2":"type-product","3":"status-publish","4":"has-post-thumbnail","6":"product_cat-licencias-windows","8":"first","9":"instock","10":"shipping-taxable","11":"purchasable","12":"product-type-simple"},"acf":[],"_links":{"self":[{"href":"https:\/\/compratucodigo.co\/index.php\/wp-json\/wp\/v2\/product\/14946","targetHints":{"allow":["GET"]}}],"collection":[{"href":"https:\/\/compratucodigo.co\/index.php\/wp-json\/wp\/v2\/product"}],"about":[{"href":"https:\/\/compratucodigo.co\/index.php\/wp-json\/wp\/v2\/types\/product"}],"wp:featuredmedia":[{"embeddable":true,"href":"https:\/\/compratucodigo.co\/index.php\/wp-json\/wp\/v2\/media\/14947"}],"wp:attachment":[{"href":"https:\/\/compratucodigo.co\/index.php\/wp-json\/wp\/v2\/media?parent=14946"}],"wp:term":[{"taxonomy":"product_brand","embeddable":true,"href":"https:\/\/compratucodigo.co\/index.php\/wp-json\/wp\/v2\/product_brand?post=14946"},{"taxonomy":"product_cat","embeddable":true,"href":"https:\/\/compratucodigo.co\/index.php\/wp-json\/wp\/v2\/product_cat?post=14946"},{"taxonomy":"product_tag","embeddable":true,"href":"https:\/\/compratucodigo.co\/index.php\/wp-json\/wp\/v2\/product_tag?post=14946"}],"curies":[{"name":"wp","href":"https:\/\/api.w.org\/{rel}","templated":true}]}}