{"id":14942,"date":"2022-04-13T16:45:03","date_gmt":"2022-04-13T20:45:03","guid":{"rendered":"https:\/\/colombia3.srtv.cl\/?post_type=product&#038;p=14942"},"modified":"2024-05-31T12:21:28","modified_gmt":"2024-05-31T17:21:28","slug":"licencia-windows-server-2016-datacenter","status":"publish","type":"product","link":"https:\/\/compratucodigo.co\/index.php\/producto\/licencia-windows-server-2016-datacenter\/","title":{"rendered":"Licencia Windows Server 2016 Datacenter"},"content":{"rendered":"<p>Windows Server es la versi\u00f3n dise\u00f1ada especialmente para profesionales de servidores. A diferencia de las versiones convencionales para escritorio, Windows Server ofrece un rendimiento superior, funciones de seguridad reforzada y otras caracter\u00edsticas avanzadas destinadas a servidores.<\/p>\n<p>La versi\u00f3n Datacenter 2016 permite la creaci\u00f3n ilimitada de m\u00e1quinas virtuales en un solo hardware, esta es la caracter\u00edstica principal que la distingue de otras ediciones.<\/p>\n<p><strong>Recomendado para:<\/strong><\/p>\n<ul>\n<li>Empresas que prefieren Windows en lugar de Linux.<\/li>\n<li>Grandes empresas con necesidades avanzadas en virtualizaci\u00f3n y flujos de trabajo de gran envergadura.<\/li>\n<\/ul>\n<p><strong>Env\u00edo del producto:<\/strong><\/p>\n<p>Una vez realizado el pago o la consignaci\u00f3n, recibir\u00e1 al instante su c\u00f3digo de licencia digital en su correo electr\u00f3nico, junto con instrucciones de instalaci\u00f3n y, si lo solicita, la factura correspondiente.<\/p>\n<p><strong>Nuestra Empresa:<\/strong><\/p>\n<p>Compratucodigo es una marca de 3Clics Colombia SAS, somos una empresa formal registrada en Colombia con m\u00e1s de tres a\u00f1os de experiencia en la venta de c\u00f3digos de licencia digitales. Entregamos factura y todos nuestros productos est\u00e1n garantizados por nuestra empresa.<\/p>\n<div id=\"divtags\">\n<h1>Licencia Windows Server 2016 Datacenter Colombia<\/h1>\n<h1>Compra de licencia Windows Server 2016 Datacenter<\/h1>\n<h1>Windows Server 2016 Datacenter en Colombia<\/h1>\n<h1>Adquirir licencia Windows Server 2016 Datacenter<\/h1>\n<h1>Microsoft Windows Server 2016 Datacenter<\/h1>\n<h1>Licencia para servidor Windows 2016 Datacenter<\/h1>\n<h1>Costo de licencia Windows Server 2016 Datacenter<\/h1>\n<h1>Activaci\u00f3n Windows Server 2016 Datacenter<\/h1>\n<h1>Servidor Windows 2016 Datacenter en Colombia<\/h1>\n<h1>Beneficios de Windows Server 2016 Datacenter<\/h1>\n<h1>Requisitos para Windows Server 2016 Datacenter<\/h1>\n<h1>Funcionalidades Windows Server 2016 Datacenter<\/h1>\n<h1>Consultor\u00eda licencia Windows Server 2016 Datacenter<\/h1>\n<h1>Asesor\u00eda sobre Windows Server 2016 Datacenter<\/h1>\n<h1>Instalaci\u00f3n licencia Windows Server 2016 Datacenter<\/h1>\n<h1>Soporte t\u00e9cnico Windows Server 2016 Datacenter<\/h1>\n<\/div>\n","protected":false},"excerpt":{"rendered":"<p>Licencia para Windows Server 2016 Datacenter<br \/>\nDuraci\u00f3n indefinida, sin fecha de vencimiento.<br \/>\nApto para 32 y 64 bits.<br \/>\nPuede descargar el Software desde el sitio web oficial<br \/>\nTodos nuestros productos son originales y cuentan con garant\u00eda y soporte t\u00e9cnico.<br \/>\n<b>Entrega inmediata directo a su correo electr\u00f3nico<\/b><\/p>\n","protected":false},"featured_media":14943,"template":"","meta":{"_acf_changed":false},"product_brand":[],"product_cat":[15],"product_tag":[],"class_list":{"0":"post-14942","1":"product","2":"type-product","3":"status-publish","4":"has-post-thumbnail","6":"product_cat-licencias-windows","8":"first","9":"instock","10":"shipping-taxable","11":"purchasable","12":"product-type-simple"},"acf":[],"_links":{"self":[{"href":"https:\/\/compratucodigo.co\/index.php\/wp-json\/wp\/v2\/product\/14942","targetHints":{"allow":["GET"]}}],"collection":[{"href":"https:\/\/compratucodigo.co\/index.php\/wp-json\/wp\/v2\/product"}],"about":[{"href":"https:\/\/compratucodigo.co\/index.php\/wp-json\/wp\/v2\/types\/product"}],"wp:featuredmedia":[{"embeddable":true,"href":"https:\/\/compratucodigo.co\/index.php\/wp-json\/wp\/v2\/media\/14943"}],"wp:attachment":[{"href":"https:\/\/compratucodigo.co\/index.php\/wp-json\/wp\/v2\/media?parent=14942"}],"wp:term":[{"taxonomy":"product_brand","embeddable":true,"href":"https:\/\/compratucodigo.co\/index.php\/wp-json\/wp\/v2\/product_brand?post=14942"},{"taxonomy":"product_cat","embeddable":true,"href":"https:\/\/compratucodigo.co\/index.php\/wp-json\/wp\/v2\/product_cat?post=14942"},{"taxonomy":"product_tag","embeddable":true,"href":"https:\/\/compratucodigo.co\/index.php\/wp-json\/wp\/v2\/product_tag?post=14942"}],"curies":[{"name":"wp","href":"https:\/\/api.w.org\/{rel}","templated":true}]}}