{"id":14937,"date":"2022-04-13T16:39:32","date_gmt":"2022-04-13T20:39:32","guid":{"rendered":"https:\/\/colombia3.srtv.cl\/?post_type=product&#038;p=14937"},"modified":"2024-10-23T16:55:12","modified_gmt":"2024-10-23T21:55:12","slug":"office-2021-professional-plus-5-dispositivos","status":"publish","type":"product","link":"https:\/\/compratucodigo.co\/index.php\/producto\/office-2021-professional-plus-5-dispositivos\/","title":{"rendered":"Office 2021 Professional Plus 5 dispositivos"},"content":{"rendered":"<p>Office 2021 es la versi\u00f3n m\u00e1s reciente de la suite Office y actualmente es la m\u00e1s popular entre aquellos que prefieren no suscribirse. Incluye todos los programas de Office, a excepci\u00f3n de Visio y Project.<\/p>\n<p>Esta licencia consta de un paquete de cinco licencias de un dispositivo, con un descuento de 5%<\/p>\n<p>Si desea en su lugar un c\u00f3digo de Office 2021 para cinco usos, por favor solicite cotizaci\u00f3n al correo: comercial@compratucodigo.co<\/p>\n<p><strong>Recomendado para:<\/strong><\/p>\n<p>&#8211; Empresas que buscan acceder a la \u00faltima versi\u00f3n de Office 2021 sin limitaciones de uso y sin tener que pagar una suscripci\u00f3n anual.<\/p>\n<p>&#8211; Personas que deseen ahorrar a largo plazo al evitar los pagos anuales asociados al mantenimiento del programa.<\/p>\n<p>Nota: Este producto no permite su reinstalaci\u00f3n. Si necesita trasladar el software a otro equipo o formatea su disco duro con frecuencia, se recomienda optar por Office 2021 Reinstalable.<\/p>\n<p><strong>Env\u00edo del producto:<\/strong><\/p>\n<p>Una vez realizado su pago o consignaci\u00f3n, recibir\u00e1 de inmediato su c\u00f3digo de licencia digital en su correo electr\u00f3nico, junto con las instrucciones de instalaci\u00f3n y la factura en caso de requerirla.<\/p>\n<p><strong>Nuestra Empresa:<\/strong><\/p>\n<p>Compratucodigo es una marca de 3Clics Colombia SAS, somos una empresa formal registrada en Colombia con m\u00e1s de tres a\u00f1os de experiencia en la venta de c\u00f3digos de licencia digitales. Entregamos factura y todos nuestros productos est\u00e1n garantizados por nuestra empresa.<\/p>\n<div id=\"divtags\">\n<h1>Office 2021 Professional Plus 5 dispositivos<\/h1>\n<h1>Microsoft Office 2021 para 5 dispositivos<\/h1>\n<h1>Oficina 2021 para 5 equipos<\/h1>\n<h1>Paquete Office 2021 para 5 dispositivos<\/h1>\n<h1>Actualizaci\u00f3n de Office 2021 para 5 dispositivos<\/h1>\n<h1>Office 2021 Profesional con licencia para 5 dispositivos<\/h1>\n<h1>Compra Office 2021 para 5 equipos<\/h1>\n<h1>Oferta de Office 2021 para 5 dispositivos<\/h1>\n<h1>Paquete Office 2021 para m\u00faltiples dispositivos<\/h1>\n<h1>Office 2021 con licencia para 5 dispositivos en Colombia<\/h1>\n<h1>Descargar Office 2021 para 5 dispositivos<\/h1>\n<h1>Office 2021 para empresas en Colombia<\/h1>\n<h1>Obt\u00e9n Office 2021 Profesional Plus para 5 dispositivos<\/h1>\n<h1>Software Office 2021 para 5 equipos<\/h1>\n<h1>Comparativa Office 2021 para 5 dispositivos en Colombia<\/h1>\n<h1>Requisitos para instalar Office 2021 en 5 dispositivos<\/h1>\n<\/div>\n","protected":false},"excerpt":{"rendered":"<p>Licencia Disponible s\u00f3lo para 5 dispositivos<br \/>\n<b>Todas nuestras licencias son totalmente originales<\/b><br \/>\nEntrega v\u00eda online, directamente a su correo con un manual de instrucci\u00f3n<br \/>\n(Contamos con soporte t\u00e9cnico, para ayudarte en la instalaci\u00f3n de tu licencia)<br \/>\nPaquete de cinco licencias por menor costo<\/p>\n","protected":false},"featured_media":14938,"template":"","meta":{"_acf_changed":false},"product_brand":[],"product_cat":[1614],"product_tag":[],"class_list":{"0":"post-14937","1":"product","2":"type-product","3":"status-publish","4":"has-post-thumbnail","6":"product_cat-licencias-office","8":"first","9":"instock","10":"shipping-taxable","11":"purchasable","12":"product-type-simple"},"acf":[],"_links":{"self":[{"href":"https:\/\/compratucodigo.co\/index.php\/wp-json\/wp\/v2\/product\/14937","targetHints":{"allow":["GET"]}}],"collection":[{"href":"https:\/\/compratucodigo.co\/index.php\/wp-json\/wp\/v2\/product"}],"about":[{"href":"https:\/\/compratucodigo.co\/index.php\/wp-json\/wp\/v2\/types\/product"}],"wp:featuredmedia":[{"embeddable":true,"href":"https:\/\/compratucodigo.co\/index.php\/wp-json\/wp\/v2\/media\/14938"}],"wp:attachment":[{"href":"https:\/\/compratucodigo.co\/index.php\/wp-json\/wp\/v2\/media?parent=14937"}],"wp:term":[{"taxonomy":"product_brand","embeddable":true,"href":"https:\/\/compratucodigo.co\/index.php\/wp-json\/wp\/v2\/product_brand?post=14937"},{"taxonomy":"product_cat","embeddable":true,"href":"https:\/\/compratucodigo.co\/index.php\/wp-json\/wp\/v2\/product_cat?post=14937"},{"taxonomy":"product_tag","embeddable":true,"href":"https:\/\/compratucodigo.co\/index.php\/wp-json\/wp\/v2\/product_tag?post=14937"}],"curies":[{"name":"wp","href":"https:\/\/api.w.org\/{rel}","templated":true}]}}