{"id":14933,"date":"2022-04-13T16:35:16","date_gmt":"2022-04-13T20:35:16","guid":{"rendered":"https:\/\/colombia3.srtv.cl\/?post_type=product&#038;p=14933"},"modified":"2024-05-31T12:08:25","modified_gmt":"2024-05-31T17:08:25","slug":"office-2019-professional-plus-5-dispositivos","status":"publish","type":"product","link":"https:\/\/compratucodigo.co\/index.php\/producto\/office-2019-professional-plus-5-dispositivos\/","title":{"rendered":"Office 2019 Professional Plus 5 Dispositivos"},"content":{"rendered":"<p>Office 2019 Professional Plus es la versi\u00f3n m\u00e1s reciente de Office que se vende sin necesidad de suscripci\u00f3n. A diferencia de Office 365, Office 2019 no requiere una suscripci\u00f3n anual. La licencia de Office 2019 es de uso ilimitado y no tiene fecha de vencimiento.<\/p>\n<p>Esta edici\u00f3n de Office incluye todos los programas esenciales: Word, Excel, PowerPoint, Outlook, Access, Publisher y OneNote.<\/p>\n<p>Al adquirir Office 2019, recibir\u00e1s una clave de activaci\u00f3n de 25 d\u00edgitos que podr\u00e1s utilizar para activar hasta cinco computadoras. La activaci\u00f3n se realiza de forma completamente online, sin necesidad de realizar una llamada telef\u00f3nica.<\/p>\n<p><strong>Recomendado para:<\/strong><\/p>\n<p>&#8211; Empresas que necesitan una versi\u00f3n completa de Office sin las restricciones de una suscripci\u00f3n anual.<br \/>\n&#8211; Personas o empresas que buscan un ahorro a largo plazo al evitar los pagos anuales por la suscripci\u00f3n al programa.<\/p>\n<p><strong>Env\u00edo del producto:<\/strong><\/p>\n<p>Una vez que realices tu pago o consignaci\u00f3n, recibir\u00e1s al instante el c\u00f3digo de licencia digital en tu correo electr\u00f3nico, junto con las instrucciones detalladas para la instalaci\u00f3n y la factura en caso de que la necesites.<\/p>\n<p><strong>Nuestra Empresa:<\/strong><\/p>\n<p>Compratucodigo es una marca de 3Clics Colombia SAS, somos una empresa formal registrada en Colombia con m\u00e1s de tres a\u00f1os de experiencia en la venta de c\u00f3digos de licencia digitales. Entregamos factura y todos nuestros productos est\u00e1n garantizados por nuestra empresa.<\/p>\n<div id=\"divtags\">\n<h1>Office 2019 Professional Plus 5 Dispositivos<\/h1>\n<h1>Microsoft Office 2019 Colombia<\/h1>\n<h1>Paquete Office 2019 Profesional Plus<\/h1>\n<h1>Descargar Office 2019 en Espa\u00f1ol<\/h1>\n<h1>Activaci\u00f3n Office 2019 5 Dispositivos<\/h1>\n<h1>Office 2019 Versi\u00f3n Profesional<\/h1>\n<h1>Comprar Licencia Office 2019 Colombia<\/h1>\n<h1>Instalaci\u00f3n Office 2019 en 5 Dispositivos<\/h1>\n<h1>Requisitos Office 2019 Professional Plus<\/h1>\n<h1>Precio Office 2019 Professional Plus Colombia<\/h1>\n<h1>Actualizaci\u00f3n a Office 2019 5 Dispositivos<\/h1>\n<h1>Funciones de Office 2019 Profesional Plus<\/h1>\n<h1>Oferta Office 2019 Professional Plus Colombia<\/h1>\n<h1>Compatibilidad Office 2019 con Windows<\/h1>\n<h1>Gu\u00eda de uso Office 2019 5 Dispositivos<\/h1>\n<h1>Comparativa Office 2019 vs. Office 365<\/h1>\n<\/div>\n","protected":false},"excerpt":{"rendered":"<p>Licencia para activar el Office 2019 Professional Plus<br \/>\nSe puede utilizar en hasta cinco dispositivos<br \/>\nPermite vincular su propia cuenta<br \/>\nActivaci\u00f3n 100% por internet.<br \/>\nLicencia &#8220;Pro&#8221; apta para personas y empresas.<br \/>\nEs v\u00e1lida de por vida, no tiene fecha de vencimiento.<br \/>\nIncluye: Word, Excel, Powerpoint, Outlook, Access, Publisher, OneNote<br \/>\nTodos nuestros productos son originales y cuentan con garant\u00eda y soporte t\u00e9cnico.<br \/>\n<b>Entrega inmediata directo a su correo electr\u00f3nico junto con manual de instalaci\u00f3n<\/b><\/p>\n","protected":false},"featured_media":14934,"template":"","meta":{"_acf_changed":false},"product_brand":[],"product_cat":[1614],"product_tag":[],"class_list":{"0":"post-14933","1":"product","2":"type-product","3":"status-publish","4":"has-post-thumbnail","6":"product_cat-licencias-office","8":"first","9":"instock","10":"featured","11":"shipping-taxable","12":"purchasable","13":"product-type-simple"},"acf":[],"_links":{"self":[{"href":"https:\/\/compratucodigo.co\/index.php\/wp-json\/wp\/v2\/product\/14933","targetHints":{"allow":["GET"]}}],"collection":[{"href":"https:\/\/compratucodigo.co\/index.php\/wp-json\/wp\/v2\/product"}],"about":[{"href":"https:\/\/compratucodigo.co\/index.php\/wp-json\/wp\/v2\/types\/product"}],"wp:featuredmedia":[{"embeddable":true,"href":"https:\/\/compratucodigo.co\/index.php\/wp-json\/wp\/v2\/media\/14934"}],"wp:attachment":[{"href":"https:\/\/compratucodigo.co\/index.php\/wp-json\/wp\/v2\/media?parent=14933"}],"wp:term":[{"taxonomy":"product_brand","embeddable":true,"href":"https:\/\/compratucodigo.co\/index.php\/wp-json\/wp\/v2\/product_brand?post=14933"},{"taxonomy":"product_cat","embeddable":true,"href":"https:\/\/compratucodigo.co\/index.php\/wp-json\/wp\/v2\/product_cat?post=14933"},{"taxonomy":"product_tag","embeddable":true,"href":"https:\/\/compratucodigo.co\/index.php\/wp-json\/wp\/v2\/product_tag?post=14933"}],"curies":[{"name":"wp","href":"https:\/\/api.w.org\/{rel}","templated":true}]}}