{"id":14925,"date":"2022-04-13T16:22:39","date_gmt":"2022-04-13T20:22:39","guid":{"rendered":"https:\/\/colombia3.srtv.cl\/?post_type=product&#038;p=14925"},"modified":"2024-05-31T12:09:23","modified_gmt":"2024-05-31T17:09:23","slug":"licencia-office-2013-professional-plus","status":"publish","type":"product","link":"https:\/\/compratucodigo.co\/index.php\/producto\/licencia-office-2013-professional-plus\/","title":{"rendered":"Licencia Office 2013 Professional Plus"},"content":{"rendered":"<p>Office 2013 Professional Plus incluye todos los programas propios de esta versi\u00f3n, como Word, PowerPoint, Teams, Access, Publisher, Excel, Outlook y OneNote, y no tiene ninguna limitaci\u00f3n de duraci\u00f3n.<\/p>\n<p>Es la elecci\u00f3n ideal para profesionales que se sienten c\u00f3modos utilizando esta versi\u00f3n.<\/p>\n<p><strong>Recomendado para:<\/strong><\/p>\n<p>&#8211; Profesionales que experimentan problemas de compatibilidad con versiones m\u00e1s recientes.<br \/>\n&#8211; Usuarios dom\u00e9sticos interesados en probar la funcionalidad con una licencia original.<br \/>\n&#8211; Personas que se sienten a gusto con esta versi\u00f3n y prefieren mantenerla.<br \/>\n&#8211; Empresas que deseen activar Office en todos sus equipos, incluso en los m\u00e1s antiguos (a partir de Windows 7).<\/p>\n<p><strong>Env\u00edo del producto:<\/strong><\/p>\n<p>Despu\u00e9s de realizar su pago o consignaci\u00f3n, recibir\u00e1 al instante en su correo electr\u00f3nico su c\u00f3digo de licencia digital, junto con las instrucciones de instalaci\u00f3n y, si es solicitado, la factura correspondiente.<\/p>\n<p><strong>Nuestra Empresa:<\/strong><\/p>\n<p>Compratucodigo es una marca de 3Clics Colombia SAS, somos una empresa formal registrada en Colombia con m\u00e1s de tres a\u00f1os de experiencia en la venta de c\u00f3digos de licencia digitales. Entregamos factura y todos nuestros productos est\u00e1n garantizados por nuestra empresa.<\/p>\n<div id=\"divtags\">\n<h1>Licencia Office 2013 Professional Plus<\/h1>\n<h1>Licencia Office 2013<\/h1>\n<h1>Office 2013 Professional Plus<\/h1>\n<h1>Licencia de Office 2013<\/h1>\n<h1>Office 2013 en Colombia<\/h1>\n<h1>Compra de licencia Office 2013<\/h1>\n<h1>Software Office 2013 Professional Plus<\/h1>\n<h1>Oferta Office 2013 Colombia<\/h1>\n<h1>Descargar Office 2013 Professional Plus<\/h1>\n<h1>Activar Office 2013 en Colombia<\/h1>\n<h1>Microsoft Office 2013 Professional Plus<\/h1>\n<h1>Beneficios de Office 2013 Professional Plus<\/h1>\n<h1>Actualizaci\u00f3n a Office 2013<\/h1>\n<h1>Office 2013 para empresas en Colombia<\/h1>\n<h1>Comparativa Office 2013 vs. otras versiones<\/h1>\n<h1>Gu\u00eda de uso de Office 2013 Professional Plus<\/h1>\n<\/div>\n","protected":false},"excerpt":{"rendered":"<p>Licencia para activar Office 2013 Professional Plus<br \/>\nEs v\u00e1lida para un 1 PC<br \/>\nPermite utilizar una cuenta de usuario personalizada<br \/>\nLicencia &#8220;Pro&#8221; apta para personas y empresas.<br \/>\nEs v\u00e1lida de por vida, no tiene fecha de vencimiento.<br \/>\nIncluye: Word, Excel, Powerpoint, Outlook, Access, Publisher, OneNote<br \/>\nTodos nuestros productos son originales y cuentan con garant\u00eda y soporte t\u00e9cnico.<br \/>\n<b>Entrega inmediata directo a su correo electr\u00f3nico junto con manual de instalaci\u00f3n<\/b><\/p>\n","protected":false},"featured_media":14926,"template":"","meta":{"_acf_changed":false},"product_brand":[],"product_cat":[1614],"product_tag":[],"class_list":{"0":"post-14925","1":"product","2":"type-product","3":"status-publish","4":"has-post-thumbnail","6":"product_cat-licencias-office","8":"first","9":"instock","10":"shipping-taxable","11":"purchasable","12":"product-type-simple"},"acf":[],"_links":{"self":[{"href":"https:\/\/compratucodigo.co\/index.php\/wp-json\/wp\/v2\/product\/14925","targetHints":{"allow":["GET"]}}],"collection":[{"href":"https:\/\/compratucodigo.co\/index.php\/wp-json\/wp\/v2\/product"}],"about":[{"href":"https:\/\/compratucodigo.co\/index.php\/wp-json\/wp\/v2\/types\/product"}],"wp:featuredmedia":[{"embeddable":true,"href":"https:\/\/compratucodigo.co\/index.php\/wp-json\/wp\/v2\/media\/14926"}],"wp:attachment":[{"href":"https:\/\/compratucodigo.co\/index.php\/wp-json\/wp\/v2\/media?parent=14925"}],"wp:term":[{"taxonomy":"product_brand","embeddable":true,"href":"https:\/\/compratucodigo.co\/index.php\/wp-json\/wp\/v2\/product_brand?post=14925"},{"taxonomy":"product_cat","embeddable":true,"href":"https:\/\/compratucodigo.co\/index.php\/wp-json\/wp\/v2\/product_cat?post=14925"},{"taxonomy":"product_tag","embeddable":true,"href":"https:\/\/compratucodigo.co\/index.php\/wp-json\/wp\/v2\/product_tag?post=14925"}],"curies":[{"name":"wp","href":"https:\/\/api.w.org\/{rel}","templated":true}]}}