{"id":14923,"date":"2022-04-13T16:20:58","date_gmt":"2022-04-13T20:20:58","guid":{"rendered":"https:\/\/colombia3.srtv.cl\/?post_type=product&#038;p=14923"},"modified":"2024-05-31T12:09:34","modified_gmt":"2024-05-31T17:09:34","slug":"licencia-office-2010-professional-plus","status":"publish","type":"product","link":"https:\/\/compratucodigo.co\/index.php\/producto\/licencia-office-2010-professional-plus\/","title":{"rendered":"Licencia Office 2010 Professional Plus"},"content":{"rendered":"<p>Office 2010 Professional Plus es uno de los paquetes de Office m\u00e1s populares por varias razones:<\/p>\n<ul>\n<li>Incluye Word, Excel, Access, Publisher, OneNote, Outlook y PowerPoint.<\/li>\n<li>No tiene una fecha de vencimiento.<\/li>\n<li>Licencia ilimitada.<\/li>\n<li>Requiere un consumo ligero de recursos.<\/li>\n<li>Totalmente compatible con Windows Vista y XP.<\/li>\n<\/ul>\n<p><strong>Recomendado para:<\/strong><\/p>\n<ul>\n<li>Usuarios dom\u00e9sticos, entusiastas y profesionales que necesiten un paquete de Office compatible con equipos antiguos.<\/li>\n<li>Empresas con equipos de oficina que solo admiten Windows XP o Windows Vista.<\/li>\n<li>Usuarios que deseen legalizar su versi\u00f3n &#8220;pirata&#8221; de Office 2010.<\/li>\n<li>Profesionales y usuarios dom\u00e9sticos que tengan una preferencia personal por Office 2010.<\/li>\n<\/ul>\n<p><strong>Env\u00edo del producto:<\/strong><\/p>\n<p>Una vez realizado el pago o la consignaci\u00f3n, recibir\u00e1 al instante su c\u00f3digo de licencia digital en su correo electr\u00f3nico, junto con las instrucciones de instalaci\u00f3n y, si es solicitado, la factura correspondiente.<\/p>\n<p><strong>Nuestra Empresa:<\/strong><\/p>\n<p>Compratucodigo es una marca de 3Clics Colombia SAS, somos una empresa formal registrada en Colombia con m\u00e1s de tres a\u00f1os de experiencia en la venta de c\u00f3digos de licencia digitales. Entregamos factura y todos nuestros productos est\u00e1n garantizados por nuestra empresa.<\/p>\n<div id=\"divtags\">\n<h1>Licencia Office 2010 Professional Plus<\/h1>\n<h1>Licencia Office 2010<\/h1>\n<h1>Office 2010 Professional Plus<\/h1>\n<h1>Licencia Microsoft Office 2010<\/h1>\n<h1>Microsoft Office 2010 Professional Plus<\/h1>\n<h1>Microsoft Office 2010<\/h1>\n<h1>Comprar Licencia Office 2010<\/h1>\n<h1>Descargar Office 2010 Professional Plus<\/h1>\n<h1>Clave de Activaci\u00f3n Office 2010<\/h1>\n<h1>Oferta Licencia Office 2010<\/h1>\n<h1>Actualizaci\u00f3n Office 2010 Professional Plus<\/h1>\n<h1>Instalaci\u00f3n Office 2010<\/h1>\n<h1>Compatibilidad Office 2010 Professional Plus<\/h1>\n<h1>Funcionalidades Office 2010<\/h1>\n<h1>Versiones Office 2010<\/h1>\n<h1>Beneficios Office 2010 Professional Plus<\/h1>\n<\/div>\n","protected":false},"excerpt":{"rendered":"<p>Licencia para activar Office 2010 Professional Plus<br \/>\nEs v\u00e1lida para un PC<br \/>\nPermite utilizar una cuenta de usuario personalizada<br \/>\nLicencia &#8220;Pro&#8221; apta para personas y empresas.<br \/>\nEs v\u00e1lida de por vida, no tiene fecha de vencimiento.<br \/>\nIncluye: Word, Excel, Powerpoint, Outlook, Access y Publisher,<br \/>\nApto para todos los Windows desde Windows XP<br \/>\nTodos nuestros productos son originales y cuentan con garant\u00eda y soporte t\u00e9cnico.<br \/>\n<b>Entrega inmediata directo a su correo electr\u00f3nico junto con manual de instalaci\u00f3n<\/b><\/p>\n","protected":false},"featured_media":14924,"template":"","meta":{"_acf_changed":false},"product_brand":[],"product_cat":[1614],"product_tag":[],"class_list":{"0":"post-14923","1":"product","2":"type-product","3":"status-publish","4":"has-post-thumbnail","6":"product_cat-licencias-office","8":"first","9":"instock","10":"shipping-taxable","11":"purchasable","12":"product-type-simple"},"acf":[],"_links":{"self":[{"href":"https:\/\/compratucodigo.co\/index.php\/wp-json\/wp\/v2\/product\/14923","targetHints":{"allow":["GET"]}}],"collection":[{"href":"https:\/\/compratucodigo.co\/index.php\/wp-json\/wp\/v2\/product"}],"about":[{"href":"https:\/\/compratucodigo.co\/index.php\/wp-json\/wp\/v2\/types\/product"}],"wp:featuredmedia":[{"embeddable":true,"href":"https:\/\/compratucodigo.co\/index.php\/wp-json\/wp\/v2\/media\/14924"}],"wp:attachment":[{"href":"https:\/\/compratucodigo.co\/index.php\/wp-json\/wp\/v2\/media?parent=14923"}],"wp:term":[{"taxonomy":"product_brand","embeddable":true,"href":"https:\/\/compratucodigo.co\/index.php\/wp-json\/wp\/v2\/product_brand?post=14923"},{"taxonomy":"product_cat","embeddable":true,"href":"https:\/\/compratucodigo.co\/index.php\/wp-json\/wp\/v2\/product_cat?post=14923"},{"taxonomy":"product_tag","embeddable":true,"href":"https:\/\/compratucodigo.co\/index.php\/wp-json\/wp\/v2\/product_tag?post=14923"}],"curies":[{"name":"wp","href":"https:\/\/api.w.org\/{rel}","templated":true}]}}