{"id":14919,"date":"2022-04-13T16:18:55","date_gmt":"2022-04-13T20:18:55","guid":{"rendered":"https:\/\/colombia3.srtv.cl\/?post_type=product&#038;p=14919"},"modified":"2024-05-31T12:09:57","modified_gmt":"2024-05-31T17:09:57","slug":"licencia-microsoft-visio-2016","status":"publish","type":"product","link":"https:\/\/compratucodigo.co\/index.php\/producto\/licencia-microsoft-visio-2016\/","title":{"rendered":"Licencia Microsoft Visio 2016"},"content":{"rendered":"<p>Microsoft Visio es la herramienta ideal para diagramaci\u00f3n, vectores, diagramas de flujo, planos y otros elementos de dibujo t\u00e9cnico.<\/p>\n<p>Esta licencia es la versi\u00f3n profesional, que incluye una amplia variedad de plantillas de trabajo y corresponde a la versi\u00f3n 2016, la cual ofrece una mayor compatibilidad.<\/p>\n<p><strong>Recomendado para:<\/strong><\/p>\n<p>&#8211; Administradores, arquitectos e ingenieros que cuentan con equipos con Windows 7.<br \/>\n&#8211; Personas o empresas que se sienten c\u00f3modas con la versi\u00f3n 2016 y no desean actualizar.<\/p>\n<p><strong>Proceso de instalaci\u00f3n:<\/strong><\/p>\n<p>Visio se instala como un programa independiente, al igual que Project y Access.<\/p>\n<p><strong>Env\u00edo del producto:<\/strong><\/p>\n<p>Una vez realizado su pago o consignaci\u00f3n, recibir\u00e1 al instante en su correo electr\u00f3nico su c\u00f3digo de licencia digital, acompa\u00f1ado de las instrucciones de instalaci\u00f3n y la factura en caso de que la solicite.<\/p>\n<p><strong>Nuestra Empresa:<\/strong><\/p>\n<p>Compratucodigo es una marca de 3Clics Colombia SAS, somos una empresa formal registrada en Colombia con m\u00e1s de tres a\u00f1os de experiencia en la venta de c\u00f3digos de licencia digitales. Entregamos factura y todos nuestros productos est\u00e1n garantizados por nuestra empresa.<\/p>\n<div id=\"divtags\">\n<h1>Licencia Microsoft Visio 2016<\/h1>\n<h1>Compra de licencia Visio 2016<\/h1>\n<h1>Activaci\u00f3n Visio 2016<\/h1>\n<h1>Descarga Visio 2016<\/h1>\n<h1>Versiones de Microsoft Visio 2016<\/h1>\n<h1>Compatibilidad Visio 2016<\/h1>\n<h1>Requisitos de sistema Visio 2016<\/h1>\n<h1>Gu\u00eda de instalaci\u00f3n Visio 2016<\/h1>\n<h1>Caracter\u00edsticas de Microsoft Visio 2016<\/h1>\n<h1>Actualizaci\u00f3n Visio 2016<\/h1>\n<h1>Precio de licencia Visio 2016<\/h1>\n<h1>Ofertas Visio 2016<\/h1>\n<h1>Comparativa Visio 2016<\/h1>\n<h1>Licenciamiento Microsoft Visio 2016<\/h1>\n<h1>Soporte t\u00e9cnico Visio 2016<\/h1>\n<h1>Renovaci\u00f3n licencia Visio 2016<\/h1>\n<\/div>\n","protected":false},"excerpt":{"rendered":"<p>Licencia para activar Visio Profesional 2016<br \/>\nApta para 64 bits y 32 bits<br \/>\nVersi\u00f3n &#8220;Pro&#8221; apta para personas, empresas e instituciones<br \/>\nTodos nuestros productos son originales y cuentan con garant\u00eda y soporte t\u00e9cnico.<br \/>\n<b>Entrega inmediata directo a su correo electr\u00f3nico junto con el manual de instalaci\u00f3n<\/b><\/p>\n","protected":false},"featured_media":14920,"template":"","meta":{"_acf_changed":false},"product_brand":[],"product_cat":[1614],"product_tag":[],"class_list":{"0":"post-14919","1":"product","2":"type-product","3":"status-publish","4":"has-post-thumbnail","6":"product_cat-licencias-office","8":"first","9":"instock","10":"shipping-taxable","11":"purchasable","12":"product-type-simple"},"acf":[],"_links":{"self":[{"href":"https:\/\/compratucodigo.co\/index.php\/wp-json\/wp\/v2\/product\/14919","targetHints":{"allow":["GET"]}}],"collection":[{"href":"https:\/\/compratucodigo.co\/index.php\/wp-json\/wp\/v2\/product"}],"about":[{"href":"https:\/\/compratucodigo.co\/index.php\/wp-json\/wp\/v2\/types\/product"}],"wp:featuredmedia":[{"embeddable":true,"href":"https:\/\/compratucodigo.co\/index.php\/wp-json\/wp\/v2\/media\/14920"}],"wp:attachment":[{"href":"https:\/\/compratucodigo.co\/index.php\/wp-json\/wp\/v2\/media?parent=14919"}],"wp:term":[{"taxonomy":"product_brand","embeddable":true,"href":"https:\/\/compratucodigo.co\/index.php\/wp-json\/wp\/v2\/product_brand?post=14919"},{"taxonomy":"product_cat","embeddable":true,"href":"https:\/\/compratucodigo.co\/index.php\/wp-json\/wp\/v2\/product_cat?post=14919"},{"taxonomy":"product_tag","embeddable":true,"href":"https:\/\/compratucodigo.co\/index.php\/wp-json\/wp\/v2\/product_tag?post=14919"}],"curies":[{"name":"wp","href":"https:\/\/api.w.org\/{rel}","templated":true}]}}