{"id":14917,"date":"2022-04-13T16:17:24","date_gmt":"2022-04-13T20:17:24","guid":{"rendered":"https:\/\/colombia3.srtv.cl\/?post_type=product&#038;p=14917"},"modified":"2024-05-31T12:11:05","modified_gmt":"2024-05-31T17:11:05","slug":"licencia-project-visio-2013","status":"publish","type":"product","link":"https:\/\/compratucodigo.co\/index.php\/producto\/licencia-project-visio-2013\/","title":{"rendered":"Licencia Project Visio 2013"},"content":{"rendered":"<p>Visio es un programa muy utilizado por un grupo espec\u00edfico de usuarios apasionados por el dibujo vectorial.<\/p>\n<p>Esta versi\u00f3n corresponde a la edici\u00f3n completa de Visio en su versi\u00f3n de 2013.<\/p>\n<p><strong>Recomendado para:<\/strong><\/p>\n<p>-Personas que ya poseen Visio 2013 y necesitan instalar Project compatible con esta versi\u00f3n.<\/p>\n<p>-Personas que prefieren Visio 2013 sobre otras ediciones.<\/p>\n<p>-Cualquier persona que requiera las funciones espec\u00edficas de este programa.<\/p>\n<p><strong>Instalaci\u00f3n del producto:<\/strong><\/p>\n<p>Si ya cuenta con Office, puede instalar Visio junto a su suite actual; se instala como un programa independiente.<\/p>\n<p><strong>Env\u00edo del producto:<\/strong><\/p>\n<p>Despu\u00e9s de realizar su pago o consignaci\u00f3n, recibir\u00e1 al instante en su correo electr\u00f3nico su c\u00f3digo de licencia digital, adem\u00e1s de instrucciones detalladas para la instalaci\u00f3n y la factura si la solicita.<\/p>\n<p><strong>Nuestra Empresa:<\/strong><\/p>\n<p>Compratucodigo es una marca de 3Clics Colombia SAS, somos una empresa formal registrada en Colombia con m\u00e1s de tres a\u00f1os de experiencia en la venta de c\u00f3digos de licencia digitales. Entregamos factura y todos nuestros productos est\u00e1n garantizados por nuestra empresa.<\/p>\n<div id=\"divtags\">\n<h1>Licencia Project Visio 2013 en Colombia<\/h1>\n<h1>Comprar Licencia Project Visio 2013<\/h1>\n<h1>Descargar Project Visio 2013<\/h1>\n<h1>Caracter\u00edsticas Project Visio 2013<\/h1>\n<h1>Precio Licencia Project Visio 2013<\/h1>\n<h1>Oferta Licencia Project Visio 2013<\/h1>\n<h1>Requisitos Project Visio 2013<\/h1>\n<h1>Instalaci\u00f3n Project Visio 2013<\/h1>\n<h1>Activaci\u00f3n Project Visio 2013<\/h1>\n<h1>Tutorial Project Visio 2013<\/h1>\n<h1>Actualizaci\u00f3n Project Visio 2013<\/h1>\n<h1>Compatibilidad Project Visio 2013<\/h1>\n<h1>Opiniones Project Visio 2013<\/h1>\n<h1>Soporte T\u00e9cnico Project Visio 2013<\/h1>\n<h1>Empresa Licencias Project Visio 2013<\/h1>\n<h1>Consultor\u00eda Project Visio 2013<\/h1>\n<\/div>\n","protected":false},"excerpt":{"rendered":"<p>Licencia para activar Visio Profesional 2013<br \/>\nApta para 64 bits y 32 bits<br \/>\nVersi\u00f3n &#8220;Pro&#8221; apta para personas, empresas e instituciones<br \/>\n<b>Todos nuestros productos son originales y cuentan con garant\u00eda y soporte t\u00e9cnico.<\/b><br \/>\nEntrega inmediata directo a tu correo electr\u00f3nico junto con manual de instalaci\u00f3n.<\/p>\n","protected":false},"featured_media":14918,"template":"","meta":{"_acf_changed":false},"product_brand":[],"product_cat":[1614],"product_tag":[],"class_list":{"0":"post-14917","1":"product","2":"type-product","3":"status-publish","4":"has-post-thumbnail","6":"product_cat-licencias-office","8":"first","9":"instock","10":"shipping-taxable","11":"purchasable","12":"product-type-simple"},"acf":[],"_links":{"self":[{"href":"https:\/\/compratucodigo.co\/index.php\/wp-json\/wp\/v2\/product\/14917","targetHints":{"allow":["GET"]}}],"collection":[{"href":"https:\/\/compratucodigo.co\/index.php\/wp-json\/wp\/v2\/product"}],"about":[{"href":"https:\/\/compratucodigo.co\/index.php\/wp-json\/wp\/v2\/types\/product"}],"wp:featuredmedia":[{"embeddable":true,"href":"https:\/\/compratucodigo.co\/index.php\/wp-json\/wp\/v2\/media\/14918"}],"wp:attachment":[{"href":"https:\/\/compratucodigo.co\/index.php\/wp-json\/wp\/v2\/media?parent=14917"}],"wp:term":[{"taxonomy":"product_brand","embeddable":true,"href":"https:\/\/compratucodigo.co\/index.php\/wp-json\/wp\/v2\/product_brand?post=14917"},{"taxonomy":"product_cat","embeddable":true,"href":"https:\/\/compratucodigo.co\/index.php\/wp-json\/wp\/v2\/product_cat?post=14917"},{"taxonomy":"product_tag","embeddable":true,"href":"https:\/\/compratucodigo.co\/index.php\/wp-json\/wp\/v2\/product_tag?post=14917"}],"curies":[{"name":"wp","href":"https:\/\/api.w.org\/{rel}","templated":true}]}}