{"id":14903,"date":"2022-04-13T15:58:23","date_gmt":"2022-04-13T19:58:23","guid":{"rendered":"https:\/\/colombia3.srtv.cl\/?post_type=product&#038;p=14903"},"modified":"2024-05-31T12:11:53","modified_gmt":"2024-05-31T17:11:53","slug":"licencia-microsoft-access-pro-2019","status":"publish","type":"product","link":"https:\/\/compratucodigo.co\/index.php\/producto\/licencia-microsoft-access-pro-2019\/","title":{"rendered":"Licencia Microsoft Access Pro 2019"},"content":{"rendered":"<p>Access, a pesar de ser parte del paquete Office 2019 Professional Plus, tambi\u00e9n est\u00e1 disponible para su compra como licencia individual. Esto es especialmente \u00fatil para aquellos que han adquirido un paquete de Office que no incluye Access, como es el caso de Office 2019 Hogar y Empresas.<\/p>\n<p>La instalaci\u00f3n de Access se realiza como un software independiente.<\/p>\n<p><strong>Recomendada para:<\/strong><\/p>\n<p>&#8211; Usuarios que necesiten Access y que tengan una versi\u00f3n de Office 2019 que no incluye Access.<\/p>\n<p><strong>Env\u00edo del producto:<\/strong><\/p>\n<p>Una vez realizado el pago o la consignaci\u00f3n, recibir\u00e1 al instante en su correo electr\u00f3nico su c\u00f3digo de licencia digital, junto con las instrucciones de instalaci\u00f3n y, si as\u00ed lo solicita, la factura correspondiente.<\/p>\n<p><strong>Nuestra Empresa:<\/strong><\/p>\n<p>Compratucodigo es una marca de 3Clics Colombia SAS, somos una empresa formal registrada en Colombia con m\u00e1s de tres a\u00f1os de experiencia en la venta de c\u00f3digos de licencia digitales. Entregamos factura y todos nuestros productos est\u00e1n garantizados por nuestra empresa.<\/p>\n<div id=\"divtags\">\n<h1>Licencia Microsoft Access Pro 2019<\/h1>\n<h1>Licencia Microsoft Access Colombia<\/h1>\n<h1>Compra licencia Access 2019<\/h1>\n<h1>Software Microsoft Access 2019<\/h1>\n<h1>Microsoft Access Pro en espa\u00f1ol<\/h1>\n<h1>Precio licencia Microsoft Access<\/h1>\n<h1>Adquirir Access 2019 en Colombia<\/h1>\n<h1>Tienda oficial Microsoft Access<\/h1>\n<h1>Oferta licencia Access Pro 2019<\/h1>\n<h1>Beneficios de Access Pro 2019<\/h1>\n<h1>Licencia Access versi\u00f3n 2019<\/h1>\n<h1>Requisitos Microsoft Access 2019<\/h1>\n<h1>Actualizaci\u00f3n Access Pro 2019<\/h1>\n<h1>Comparativa Access 2019 vs. 2016<\/h1>\n<h1>Descargar versi\u00f3n Pro de Access 2019<\/h1>\n<h1>Gu\u00eda de uso de Microsoft Access 2019<\/h1>\n<\/div>\n","protected":false},"excerpt":{"rendered":"<p>Licencia para activar Access Profesional 2019<br \/>\nApta para 64 bits y 32 bits<br \/>\nVersi\u00f3n &#8220;Pro&#8221; apta para personas, empresas e instituciones<br \/>\nTodos nuestros productos son originales y cuentan con garant\u00eda y soporte t\u00e9cnico.<br \/>\n<b>Entrega inmediata directo a su correo electr\u00f3nico junto con el manual de instalaci\u00f3n<\/b><\/p>\n","protected":false},"featured_media":14904,"template":"","meta":{"_acf_changed":false},"product_brand":[],"product_cat":[1614],"product_tag":[],"class_list":{"0":"post-14903","1":"product","2":"type-product","3":"status-publish","4":"has-post-thumbnail","6":"product_cat-licencias-office","8":"first","9":"instock","10":"shipping-taxable","11":"purchasable","12":"product-type-simple"},"acf":[],"_links":{"self":[{"href":"https:\/\/compratucodigo.co\/index.php\/wp-json\/wp\/v2\/product\/14903","targetHints":{"allow":["GET"]}}],"collection":[{"href":"https:\/\/compratucodigo.co\/index.php\/wp-json\/wp\/v2\/product"}],"about":[{"href":"https:\/\/compratucodigo.co\/index.php\/wp-json\/wp\/v2\/types\/product"}],"wp:featuredmedia":[{"embeddable":true,"href":"https:\/\/compratucodigo.co\/index.php\/wp-json\/wp\/v2\/media\/14904"}],"wp:attachment":[{"href":"https:\/\/compratucodigo.co\/index.php\/wp-json\/wp\/v2\/media?parent=14903"}],"wp:term":[{"taxonomy":"product_brand","embeddable":true,"href":"https:\/\/compratucodigo.co\/index.php\/wp-json\/wp\/v2\/product_brand?post=14903"},{"taxonomy":"product_cat","embeddable":true,"href":"https:\/\/compratucodigo.co\/index.php\/wp-json\/wp\/v2\/product_cat?post=14903"},{"taxonomy":"product_tag","embeddable":true,"href":"https:\/\/compratucodigo.co\/index.php\/wp-json\/wp\/v2\/product_tag?post=14903"}],"curies":[{"name":"wp","href":"https:\/\/api.w.org\/{rel}","templated":true}]}}